{"id":1411,"date":"2024-12-05T11:57:07","date_gmt":"2024-12-05T10:57:07","guid":{"rendered":"https:\/\/fablab.empress.smarthost.pl\/?page_id=1411"},"modified":"2025-03-12T14:30:27","modified_gmt":"2025-03-12T13:30:27","slug":"easy-to-read","status":"publish","type":"page","link":"https:\/\/synergia.warszawa.pl\/pobite-gary\/easy-to-read\/","title":{"rendered":"\u0141atwe do czytania &#8211; Easy to read"},"content":{"rendered":"\n<section aria-labelledby=\"page-header-section-heading-69e02baf80377\" class=\"page-header-section alignfull section-margin-bottom--small  flex flex-col gap-clamp-24\">\n\n    <div class=\"relative flex items-center flex-grow h-[80dvh] max-h-427\">\n\n        \n            \n\t\n\t\t\n\t\t\t\n\t<figure class=\"overflow-hidden absolute inset-0 size-full bg-neutral-500 overflow-hidden [&#038;_img]:size-full [&#038;_img]:object-cover before:content-[''] before:absolute before:inset-0 before:bg-gradient-1 before:pointer-events-none before:z-10\">\n\n\t\t\n\t\t\t\t\t\t\t\t\t\n\t\t\t<img fetchpriority=\"high\" decoding=\"async\" src=\"https:\/\/synergia.warszawa.pl\/pobite-gary\/wp-content\/uploads\/2025\/01\/449198583_890808373086729_443321.webp\" srcset=\"https:\/\/synergia.warszawa.pl\/pobite-gary\/wp-content\/uploads\/2025\/01\/449198583_890808373086729_443321.webp 1633w, https:\/\/synergia.warszawa.pl\/pobite-gary\/wp-content\/uploads\/2025\/01\/449198583_890808373086729_443321-300x175.webp 300w, https:\/\/synergia.warszawa.pl\/pobite-gary\/wp-content\/uploads\/2025\/01\/449198583_890808373086729_443321-1024x598.webp 1024w, https:\/\/synergia.warszawa.pl\/pobite-gary\/wp-content\/uploads\/2025\/01\/449198583_890808373086729_443321-768x449.webp 768w, https:\/\/synergia.warszawa.pl\/pobite-gary\/wp-content\/uploads\/2025\/01\/449198583_890808373086729_443321-1536x897.webp 1536w, https:\/\/synergia.warszawa.pl\/pobite-gary\/wp-content\/uploads\/2025\/01\/449198583_890808373086729_443321-500x292.webp 500w\" sizes=\"(max-width: 1633px) 100vw, 1633px\" alt=\"\" class=\"h-full w-full object-cover\" width=\"1633\" height=\"954\"  loading=\"eager\" \/>\n\n\t\t\n\t<\/figure>\n\n\n\t\t\n\t\n\n        \n        <div class=\"container container--with-padding relative z-20\">\n\n            <div class=\"page-header-section__content flex flex-col gap-clamp-8 text-neutral-50\">\n\n                \n                    <p class=\"label font-medium\">Easy to read<\/p>\n\n                \n                \n    <h1  id=\"page-header-section-heading-69e02baf80377\"  class=\"  font-bold lg:max-w-[72%] \">\n\n            \u0141atwe do czytania\n\n    <\/h1>\n\n\n            <\/div>\n\n        <\/div>\n\n    <\/div>\n\n<\/section>\n\n\n    \n    <section aria-labelledby=\"section-with-heading-text-and-files-heading-69e02baf86085\" class=\"section-with-heading-text-and-files alignfull pb-clamp-180\">\n\n        <div class=\"container bg-neutral-20 wcag-black-bg px-12 py-24 md:px-32 md:py-40 lg:p-40 xxl:px-107 xxl:py-80\">\n                            \n    <h2  id=\"section-with-heading-text-and-files-heading-69e02baf86085\"  class=\"   font-bold\">\n\n            Zapraszamy do przeczytania informacji o FabLabie Pobite Gary w formacie tekstu \u0141atwe do czytania\n\n    <\/h2>\n\n            \n            <div class=\"grid grid-cols-1 xxxl:grid-cols-[53.6rem_1fr] gap-y-32 gap-x-85 mt-24 lg:mt-40\">\n                <div>\n                                            <div class=\"wysiwyg\"><p><span class=\"paragraph--l\">Tekst znajduje si\u0119 w za\u0142\u0105czniku poni\u017cej.<\/span><\/p>\n<p><strong><span class=\"paragraph--l\">\u0141atwej lektury!<\/span><\/strong><\/p>\n<\/div>\n                                    <\/div>\n\n                <div class=\"divide-y divide-neutral-200 border-y border-neutral-200 self-start\">\n                                            <a href=\"https:\/\/synergia.warszawa.pl\/pobite-gary\/wp-content\/uploads\/2025\/03\/PobiteGary_ETR.pdf\" title=\"Pobierz plik \" aria-label=\"Pobierz plik \" class=\"group flex flex-col md:flex-row md:items-center gap-y-12 px-16 py-24\">\n                            <span class=\"uppercase label--small text-neutral-800 min-w-70 shrink-0\">pdf<\/span>\n                            <p class=\"paragraph--l text-neutral-1000 group-hover:text-main font-semibold flex-1 transition-all duration-300 ease-in-out\">FabLab Pobite Gary &#8211; \u0141atwe do czytania<\/p>\n                            <p class=\"flex items-center gap-20 shrink-0\">\n                            <span class=\"size-44 md:size-52 bg-main grid place-content-center\">\n                                <svg xmlns=\"http:\/\/www.w3.org\/2000\/svg\" width=\"21\" height=\"21\" viewBox=\"0 0 21 21\" fill=\"none\">\n    <path d=\"M10 0L10 15M10 15L14.5 10.5M10 15L5.5 10.5\" stroke=\"black\" stroke-width=\"2\"\/>\n    <path d=\"M0.5 20L20.5 20\" stroke=\"black\" stroke-width=\"2\"\/>\n<\/svg>\n\n                            <\/span>\n                            <\/p>\n                        <\/a>\n                    \n                <\/div>\n            <\/div>\n        <\/div>\n    <\/section>\n\n","protected":false},"excerpt":{"rendered":"","protected":false},"author":1,"featured_media":0,"parent":0,"menu_order":0,"comment_status":"closed","ping_status":"closed","template":"","meta":{"_acf_changed":false,"inline_featured_image":false,"footnotes":""},"class_list":["post-1411","page","type-page","status-publish","hentry"],"yoast_head":"<!-- This site is optimized with the Yoast SEO plugin v25.8 - https:\/\/yoast.com\/wordpress\/plugins\/seo\/ -->\n<title>\u0141atwe do czytania - Easy to read - Pobite Gary<\/title>\n<meta name=\"robots\" content=\"index, follow, max-snippet:-1, max-image-preview:large, max-video-preview:-1\" \/>\n<link rel=\"canonical\" href=\"https:\/\/synergia.warszawa.pl\/pobite-gary\/easy-to-read\/\" \/>\n<meta property=\"og:locale\" content=\"pl_PL\" \/>\n<meta property=\"og:type\" content=\"article\" \/>\n<meta property=\"og:title\" content=\"\u0141atwe do czytania - Easy to read - Pobite Gary\" \/>\n<meta property=\"og:url\" content=\"https:\/\/synergia.warszawa.pl\/pobite-gary\/easy-to-read\/\" \/>\n<meta property=\"og:site_name\" content=\"Pobite Gary\" \/>\n<meta property=\"article:modified_time\" content=\"2025-03-12T13:30:27+00:00\" \/>\n<meta name=\"twitter:card\" content=\"summary_large_image\" \/>\n<script type=\"application\/ld+json\" class=\"yoast-schema-graph\">{\"@context\":\"https:\/\/schema.org\",\"@graph\":[{\"@type\":\"WebPage\",\"@id\":\"https:\/\/synergia.warszawa.pl\/pobite-gary\/easy-to-read\/\",\"url\":\"https:\/\/synergia.warszawa.pl\/pobite-gary\/easy-to-read\/\",\"name\":\"\u0141atwe do czytania - Easy to read - Pobite Gary\",\"isPartOf\":{\"@id\":\"https:\/\/synergia.warszawa.pl\/pobite-gary\/#website\"},\"datePublished\":\"2024-12-05T10:57:07+00:00\",\"dateModified\":\"2025-03-12T13:30:27+00:00\",\"breadcrumb\":{\"@id\":\"https:\/\/synergia.warszawa.pl\/pobite-gary\/easy-to-read\/#breadcrumb\"},\"inLanguage\":\"pl-PL\",\"potentialAction\":[{\"@type\":\"ReadAction\",\"target\":[\"https:\/\/synergia.warszawa.pl\/pobite-gary\/easy-to-read\/\"]}]},{\"@type\":\"BreadcrumbList\",\"@id\":\"https:\/\/synergia.warszawa.pl\/pobite-gary\/easy-to-read\/#breadcrumb\",\"itemListElement\":[{\"@type\":\"ListItem\",\"position\":1,\"name\":\"Strona g\u0142\u00f3wna\",\"item\":\"https:\/\/synergia.warszawa.pl\/pobite-gary\/\"},{\"@type\":\"ListItem\",\"position\":2,\"name\":\"\u0141atwe do czytania &#8211; Easy to read\"}]},{\"@type\":\"WebSite\",\"@id\":\"https:\/\/synergia.warszawa.pl\/pobite-gary\/#website\",\"url\":\"https:\/\/synergia.warszawa.pl\/pobite-gary\/\",\"name\":\"Pobite Gary\",\"description\":\"\",\"potentialAction\":[{\"@type\":\"SearchAction\",\"target\":{\"@type\":\"EntryPoint\",\"urlTemplate\":\"https:\/\/synergia.warszawa.pl\/pobite-gary\/?s={search_term_string}\"},\"query-input\":{\"@type\":\"PropertyValueSpecification\",\"valueRequired\":true,\"valueName\":\"search_term_string\"}}],\"inLanguage\":\"pl-PL\"}]}<\/script>\n<!-- \/ Yoast SEO plugin. -->","yoast_head_json":{"title":"\u0141atwe do czytania - Easy to read - Pobite Gary","robots":{"index":"index","follow":"follow","max-snippet":"max-snippet:-1","max-image-preview":"max-image-preview:large","max-video-preview":"max-video-preview:-1"},"canonical":"https:\/\/synergia.warszawa.pl\/pobite-gary\/easy-to-read\/","og_locale":"pl_PL","og_type":"article","og_title":"\u0141atwe do czytania - Easy to read - Pobite Gary","og_url":"https:\/\/synergia.warszawa.pl\/pobite-gary\/easy-to-read\/","og_site_name":"Pobite Gary","article_modified_time":"2025-03-12T13:30:27+00:00","twitter_card":"summary_large_image","schema":{"@context":"https:\/\/schema.org","@graph":[{"@type":"WebPage","@id":"https:\/\/synergia.warszawa.pl\/pobite-gary\/easy-to-read\/","url":"https:\/\/synergia.warszawa.pl\/pobite-gary\/easy-to-read\/","name":"\u0141atwe do czytania - Easy to read - Pobite Gary","isPartOf":{"@id":"https:\/\/synergia.warszawa.pl\/pobite-gary\/#website"},"datePublished":"2024-12-05T10:57:07+00:00","dateModified":"2025-03-12T13:30:27+00:00","breadcrumb":{"@id":"https:\/\/synergia.warszawa.pl\/pobite-gary\/easy-to-read\/#breadcrumb"},"inLanguage":"pl-PL","potentialAction":[{"@type":"ReadAction","target":["https:\/\/synergia.warszawa.pl\/pobite-gary\/easy-to-read\/"]}]},{"@type":"BreadcrumbList","@id":"https:\/\/synergia.warszawa.pl\/pobite-gary\/easy-to-read\/#breadcrumb","itemListElement":[{"@type":"ListItem","position":1,"name":"Strona g\u0142\u00f3wna","item":"https:\/\/synergia.warszawa.pl\/pobite-gary\/"},{"@type":"ListItem","position":2,"name":"\u0141atwe do czytania &#8211; Easy to read"}]},{"@type":"WebSite","@id":"https:\/\/synergia.warszawa.pl\/pobite-gary\/#website","url":"https:\/\/synergia.warszawa.pl\/pobite-gary\/","name":"Pobite Gary","description":"","potentialAction":[{"@type":"SearchAction","target":{"@type":"EntryPoint","urlTemplate":"https:\/\/synergia.warszawa.pl\/pobite-gary\/?s={search_term_string}"},"query-input":{"@type":"PropertyValueSpecification","valueRequired":true,"valueName":"search_term_string"}}],"inLanguage":"pl-PL"}]}},"acf":[],"gutenberg_blocks":[{"blockName":"custom-styles","attrs":{"styles":""}},{"blockName":"acf\/page-header","attrs":{"name":"acf\/page-header","data":{"text_above_title":"Easy to read","_text_above_title":"field_6717aac3642f1","title_heading_text":"\u0141atwe do czytania","_title_heading_text":"field_638627ccced84","title_heading_level":"h1","_title_heading_level":"field_638627e7ced85","title_heading_variant":"default","_title_heading_variant":"field_63862847ced86","title_extra_classes":"","_title_extra_classes":"field_638628eeced88","title":"","_title":"field_6717aace642f2","image":1573,"_image":"field_6717aaf4642f4","height":"limited","_height":"field_675203bb873c1"},"mode":"edit"},"innerBlocks":[],"innerHTML":"","innerContent":[]},{"blockName":"acf\/section-with-heading-text-and-files","attrs":{"name":"acf\/section-with-heading-text-and-files","data":{"heading_heading_text":"Zapraszamy do przeczytania informacji o FabLabie Pobite Gary w formacie tekstu \u0141atwe do czytania","_heading_heading_text":"field_638627ccced84","heading_heading_level":"h2","_heading_heading_level":"field_638627e7ced85","heading_heading_variant":"default","_heading_heading_variant":"field_63862847ced86","heading_extra_classes":"","_heading_extra_classes":"field_638628eeced88","heading":"","_heading":"field_674989ea05456","text":"<span class=\"paragraph--l\">Tekst znajduje si\u0119 w za\u0142\u0105czniku poni\u017cej.<\/span>\r\n\r\n<strong><span class=\"paragraph--l\">\u0141atwej lektury!<\/span><\/strong>","_text":"field_67498a0205457","files_0_name":"FabLab Pobite Gary - \u0141atwe do czytania","_files_0_name":"field_67498a280545a","files_0_file":1651,"_files_0_file":"field_67498a310545b","files":1,"_files":"field_67498a1705459"},"mode":"edit"},"innerBlocks":[],"innerHTML":"","innerContent":[]}],"meta_data":false,"_links":{"self":[{"href":"https:\/\/synergia.warszawa.pl\/pobite-gary\/index.php\/wp-json\/wp\/v2\/pages\/1411","targetHints":{"allow":["GET"]}}],"collection":[{"href":"https:\/\/synergia.warszawa.pl\/pobite-gary\/index.php\/wp-json\/wp\/v2\/pages"}],"about":[{"href":"https:\/\/synergia.warszawa.pl\/pobite-gary\/index.php\/wp-json\/wp\/v2\/types\/page"}],"author":[{"embeddable":true,"href":"https:\/\/synergia.warszawa.pl\/pobite-gary\/index.php\/wp-json\/wp\/v2\/users\/1"}],"replies":[{"embeddable":true,"href":"https:\/\/synergia.warszawa.pl\/pobite-gary\/index.php\/wp-json\/wp\/v2\/comments?post=1411"}],"version-history":[{"count":7,"href":"https:\/\/synergia.warszawa.pl\/pobite-gary\/index.php\/wp-json\/wp\/v2\/pages\/1411\/revisions"}],"predecessor-version":[{"id":1652,"href":"https:\/\/synergia.warszawa.pl\/pobite-gary\/index.php\/wp-json\/wp\/v2\/pages\/1411\/revisions\/1652"}],"wp:attachment":[{"href":"https:\/\/synergia.warszawa.pl\/pobite-gary\/index.php\/wp-json\/wp\/v2\/media?parent=1411"}],"curies":[{"name":"wp","href":"https:\/\/api.w.org\/{rel}","templated":true}]}}